{"id":7,"date":"2020-08-16T03:58:36","date_gmt":"2020-08-16T03:58:36","guid":{"rendered":"http:\/\/fundacionricardonubiola.org\/?page_id=7"},"modified":"2021-01-27T16:22:08","modified_gmt":"2021-01-27T16:22:08","slug":"acerca-de","status":"publish","type":"page","link":"https:\/\/fundacionricardonubiola.org\/?page_id=7","title":{"rendered":"Acerca de"},"content":{"rendered":"\n<p>La Fundaci\u00f3n Ricardo Nubiola es un espacio abierto para la diversi\u00f3n, el aprendizaje, el convivir, la amistad, la cultura y el talento.<\/p>\n\n\n\n<p><strong>\u00a1Ven y conoce nuestros programas para que disfrutes de todos los beneficios que tenemos!<\/strong><\/p>\n\n\n\n<p><strong>La Casa del Abuelo<\/strong> es la obra social m\u00e1s grande de la Fundaci\u00f3n Ricardo Nubiola, Nace el 4 de octubre de 1993 como  centro gerontol\u00f3gico diurno, el cual busca darle a los adultos mayores una atenci\u00f3n integral, por medio de programas de salud, conferencias, actividad f\u00edsica y mental. Se brindan clases de computadores, danzas, teatro, canto y muchas m\u00e1s actividades para su sano esparcimiento.<\/p>\n\n\n\n<p>En el a\u00f1o 1993 se inici\u00f3 con 194 usuarios, y el 2020 fue muy significativo para la Instituci\u00f3n,<br>ya que este programa se expandi\u00f3 y nos convertimos en operadores del programa Adulto Mayor de la Administraci\u00f3n Municipal de Girardota, se atendi\u00f3 un total de 1.300 adultos<br>mayores, de los cuales 808 est\u00e1n ubicados en el \u00e1rea urbana y 492 en el \u00e1rea rural.<\/p>\n\n\n\n<div class=\"wp-block-image\"><figure class=\"aligncenter size-large is-resized\"><img loading=\"lazy\" decoding=\"async\" src=\"https:\/\/fundacionricardonubiola.org\/wp-content\/uploads\/2021\/01\/Casa-del-Abuelo.png\" alt=\"\" class=\"wp-image-163\" width=\"441\" height=\"234\" srcset=\"https:\/\/fundacionricardonubiola.org\/wp-content\/uploads\/2021\/01\/Casa-del-Abuelo.png 534w, https:\/\/fundacionricardonubiola.org\/wp-content\/uploads\/2021\/01\/Casa-del-Abuelo-300x159.png 300w\" sizes=\"auto, (max-width: 441px) 100vw, 441px\" \/><figcaption>Actividad  Cartas de Amor | Casa del Abuelo<\/figcaption><\/figure><\/div>\n\n\n\n<p><strong>Escuela Musical<\/strong> <strong>FRN<\/strong><\/p>\n\n\n\n<div class=\"wp-block-image is-style-default\"><figure class=\"aligncenter size-large is-resized\"><img loading=\"lazy\" decoding=\"async\" src=\"https:\/\/fundacionricardonubiola.org\/wp-content\/uploads\/2021\/01\/ESCUELA-DE-MUSICA-1-1024x576.jpg\" alt=\"\" class=\"wp-image-195\" width=\"480\" height=\"269\" srcset=\"https:\/\/fundacionricardonubiola.org\/wp-content\/uploads\/2021\/01\/ESCUELA-DE-MUSICA-1-1024x576.jpg 1024w, https:\/\/fundacionricardonubiola.org\/wp-content\/uploads\/2021\/01\/ESCUELA-DE-MUSICA-1-600x338.jpg 600w, https:\/\/fundacionricardonubiola.org\/wp-content\/uploads\/2021\/01\/ESCUELA-DE-MUSICA-1-300x169.jpg 300w, https:\/\/fundacionricardonubiola.org\/wp-content\/uploads\/2021\/01\/ESCUELA-DE-MUSICA-1-768x432.jpg 768w, https:\/\/fundacionricardonubiola.org\/wp-content\/uploads\/2021\/01\/ESCUELA-DE-MUSICA-1.jpg 1280w\" sizes=\"auto, (max-width: 480px) 100vw, 480px\" \/><figcaption>Escuela de M\u00fasica Fundaci\u00f3n Ricardo Nubiola<\/figcaption><\/figure><\/div>\n\n\n\n<p>La Fundaci\u00f3n Ricardo Nubiola&nbsp;trabaja&nbsp;la formaci\u00f3n musical de ni\u00f1os, ni\u00f1as y j\u00f3venes desde hace aproximadamente 12 a\u00f1os. Esta actividad fue desarrollada con el acompa\u00f1amiento&nbsp;de la Fundaci\u00f3n Nacional Batuta; sin embargo para el&nbsp;a\u00f1o 2015 se tom\u00f3 la decisi\u00f3n de trabajar la m\u00fasica de manera independiente, es as\u00ed como en el mes de marzo&nbsp;se inici\u00f3 un cambio en la metodolog\u00eda pedag\u00f3gica musical (ver, vivenciar, sentir, escuchar, repetir y comprender) con el direccionamiento del profesor H\u00e9ctor David \u00c1lvarez.&nbsp;<\/p>\n\n\n\n<p>En la actualidad atendemos a 90 ni\u00f1os, ni\u00f1as y adolescentes en&nbsp;iniciaci\u00f3n musical, avanzados,&nbsp;ensamble de cuerdas tradicionales y pre-orquesta infantil y juvenil&nbsp;con excelentes resultados musicales y sociales.<\/p>\n\n\n\n<p>A trav\u00e9s del desarrollo de la preorquesta se pretende el crecimiento musical para el Municipio de Girardota, contribuyendo desde la Fundaci\u00f3n Ricardo Nubiola al mejoramiento de la calidad de vida de las familias de los ni\u00f1os inscritos a nuestra instituci\u00f3n.<\/p>\n\n\n\n<p>Contamos con el apoyo de la&nbsp;<em>Fundaci\u00f3n Incolmotos Yamaha<\/em>&nbsp;a trav\u00e9s de su programa &#8220;Becas Tokando&#8221; y con el patrocinio de algunas empresas del sector:&nbsp;<em>Ferro Company, Fonema, Odempa,<\/em>&nbsp;quienes apadrinan algunos de nuestros ni\u00f1os, ni\u00f1as y&nbsp; j\u00f3venes talento del programa.<\/p>\n\n\n\n<p><strong>Carrusel de la Lectura<\/strong> <\/p>\n\n\n\n<div class=\"wp-block-image is-style-default\"><figure class=\"aligncenter size-large is-resized\"><img loading=\"lazy\" decoding=\"async\" src=\"https:\/\/fundacionricardonubiola.org\/wp-content\/uploads\/2021\/01\/Screenshot_1-1.png\" alt=\"\" class=\"wp-image-205\" width=\"445\" height=\"340\" srcset=\"https:\/\/fundacionricardonubiola.org\/wp-content\/uploads\/2021\/01\/Screenshot_1-1.png 490w, https:\/\/fundacionricardonubiola.org\/wp-content\/uploads\/2021\/01\/Screenshot_1-1-300x229.png 300w\" sizes=\"auto, (max-width: 445px) 100vw, 445px\" \/><figcaption>Mar\u00eda Cuentina <\/figcaption><\/figure><\/div>\n\n\n\n<p>El Carrusel de la Lectura es un viaje hacia la aventura y la magia que traen los libros de cuentos en cada una de sus p\u00e1ginas; las historias narradas ser\u00e1n puertas que conducir\u00e1n a nuevos mundos habitados por criaturas fant\u00e1sticas como duendes, gigantes, brujas y animales nunca antes conocidos, acompa\u00f1ados adem\u00e1s de personajes de nuestra cotidianidad como ni\u00f1os, ni\u00f1as, j\u00f3venes, adultos y ancianos. Es una posibilidad maravillosa para so\u00f1ar y dejar volar nuestra imaginaci\u00f3n.<\/p>\n\n\n\n<p>El Carrusel es tripulado por un personaje divertido y colorido que lleva consigo una maletica llena de libros m\u00e1gicos y diferentes materiales que pondr\u00e1n a volar la imaginaci\u00f3n de todos aquellos que decidan emprender el m\u00e1gico viaje por el mundo de la lectura y narraci\u00f3n de cuentos.<\/p>\n\n\n\n<p>Apoyado en las herramientas y bases del teatro, nuestro personaje Maria Cuent\u00edna y nuestro enfoque <strong>LEO<\/strong> (Lectura, Escritura y Oratoria) lleva  a cabo las intervenciones en las Instituciones Educativas, dejando como reflexi\u00f3n el hecho de reconocer el valor que traen los cuentos y las historias narradas para el aprendizaje, fortalece la capacidad de creaci\u00f3n, motiva a la imaginaci\u00f3n y ampl\u00eda el conocimiento hacia otras culturas, otras dimensiones, otros tiempos ya vividos, entre muchos otros.<\/p>\n\n\n\n<p>El tiempo destinado para trabajar con cada grupo es de una hora, en ella se realizar\u00e1 una lectura en voz alta de forma amena, divertida y participativa, se complementa con una l\u00fadica o actividad previamente planeada para cada encuentro<\/p>\n\n\n\n<p>Las actividades est\u00e1n dise\u00f1adas y enfocadas hacia el aprendizaje, es por esto que las estrategias y herramientas var\u00edan con el fin de captar la atenci\u00f3n e incentivar la motivaci\u00f3n de los participantes; se realizar\u00e1n juegos de palabras, historietas, cartas, cuentos, manualidades, ejercicios de expresi\u00f3n corporal, cine-foro, entre otras actividades.<\/p>\n\n\n\n<p><strong>Sembrando Conocimientos<\/strong><\/p>\n\n\n\n<div class=\"wp-block-image\"><figure class=\"aligncenter size-large is-resized\"><img loading=\"lazy\" decoding=\"async\" src=\"https:\/\/fundacionricardonubiola.org\/wp-content\/uploads\/2021\/01\/Sembrando-Conocimientos-1024x576.jpg\" alt=\"\" class=\"wp-image-203\" width=\"510\" height=\"286\" srcset=\"https:\/\/fundacionricardonubiola.org\/wp-content\/uploads\/2021\/01\/Sembrando-Conocimientos-1024x576.jpg 1024w, https:\/\/fundacionricardonubiola.org\/wp-content\/uploads\/2021\/01\/Sembrando-Conocimientos-600x338.jpg 600w, https:\/\/fundacionricardonubiola.org\/wp-content\/uploads\/2021\/01\/Sembrando-Conocimientos-300x169.jpg 300w, https:\/\/fundacionricardonubiola.org\/wp-content\/uploads\/2021\/01\/Sembrando-Conocimientos-768x432.jpg 768w, https:\/\/fundacionricardonubiola.org\/wp-content\/uploads\/2021\/01\/Sembrando-Conocimientos.jpg 1280w\" sizes=\"auto, (max-width: 510px) 100vw, 510px\" \/><figcaption>Sembrando Conocimientos &#8211;  Instituciones Educativas Girardota <\/figcaption><\/figure><\/div>\n\n\n\n<p>Este programa va dirigido a todos los centros educativos, acciones comunales, grupos juveniles, l\u00edderes, Escuela de padres , familiares empleados Ferro, usuarias Casa del Abuelo y comunidad en general del \u00e1rea urbana y rural del municipio de Girardota donde disfrutan&nbsp;de asesor\u00eda psicol\u00f3gica, charlas, conferencias y talleres enfocados en diferentes temas de inter\u00e9s social como: Trabajo en Equipo,  liderazgo, prevenci\u00f3n de consumo de sustancias psicoactivas. manejo de redes sociales, matoneo,  orientaci\u00f3n vocacional y proyecto de vida, inclusi\u00f3n del adulto mayor,  habilidades sociales (ni\u00f1os), violencia escolar, entre otros temas de inter\u00e9s .<\/p>\n\n\n\n<p><br><strong>Di\u00e1logos de Fe y Vida<\/strong><\/p>\n\n\n\n<figure class=\"wp-block-image size-large is-resized\"><img loading=\"lazy\" decoding=\"async\" src=\"https:\/\/fundacionricardonubiola.org\/wp-content\/uploads\/2021\/01\/Dialogos-Fe-y-Vida-1024x576.jpg\" alt=\"\" class=\"wp-image-213\" width=\"417\" height=\"234\" srcset=\"https:\/\/fundacionricardonubiola.org\/wp-content\/uploads\/2021\/01\/Dialogos-Fe-y-Vida-1024x576.jpg 1024w, https:\/\/fundacionricardonubiola.org\/wp-content\/uploads\/2021\/01\/Dialogos-Fe-y-Vida-600x338.jpg 600w, https:\/\/fundacionricardonubiola.org\/wp-content\/uploads\/2021\/01\/Dialogos-Fe-y-Vida-300x169.jpg 300w, https:\/\/fundacionricardonubiola.org\/wp-content\/uploads\/2021\/01\/Dialogos-Fe-y-Vida-768x432.jpg 768w, https:\/\/fundacionricardonubiola.org\/wp-content\/uploads\/2021\/01\/Dialogos-Fe-y-Vida.jpg 1280w\" sizes=\"auto, (max-width: 417px) 100vw, 417px\" \/><figcaption>Conferencia Di\u00e1logos de Fe y vida  en el Centro Montserrat <\/figcaption><\/figure>\n\n\n\n<p>En convenio con la Di\u00f3cesis de Girardota, se realiza el cuarto martes de cada mes conferencias mensuales,  para la formaci\u00f3n del Ser y el Saber, cuyas tem\u00e1ticas se orientan a temas de inter\u00e9s para toda la comunidad en general del Municipio de Girardota y alrededores<\/p>\n\n\n\n<p><strong> Inform\u00e1tica F\u00e1cil para Tod@s  <\/strong><\/p>\n\n\n\n<figure class=\"wp-block-image size-large is-resized\"><img loading=\"lazy\" decoding=\"async\" src=\"https:\/\/fundacionricardonubiola.org\/wp-content\/uploads\/2021\/01\/INFORMATICA-PARA-TOD@S-1024x576.jpg\" alt=\"\" class=\"wp-image-215\" width=\"394\" height=\"221\" srcset=\"https:\/\/fundacionricardonubiola.org\/wp-content\/uploads\/2021\/01\/INFORMATICA-PARA-TOD@S-1024x576.jpg 1024w, https:\/\/fundacionricardonubiola.org\/wp-content\/uploads\/2021\/01\/INFORMATICA-PARA-TOD@S-600x338.jpg 600w, https:\/\/fundacionricardonubiola.org\/wp-content\/uploads\/2021\/01\/INFORMATICA-PARA-TOD@S-300x169.jpg 300w, https:\/\/fundacionricardonubiola.org\/wp-content\/uploads\/2021\/01\/INFORMATICA-PARA-TOD@S-768x432.jpg 768w, https:\/\/fundacionricardonubiola.org\/wp-content\/uploads\/2021\/01\/INFORMATICA-PARA-TOD@S.jpg 1280w\" sizes=\"auto, (max-width: 394px) 100vw, 394px\" \/><figcaption>Clases Inform\u00e1tica, instalaciones FRN   <\/figcaption><\/figure>\n\n\n\n<p><strong>&nbsp;<\/strong>Acercamos al adulto mayor, a los ni\u00f1os, ni\u00f1as y j\u00f3venes a las nuevas tecnolog\u00edas, con nuestro programa enfocamos a nuestros estudiantes en la utilizaci\u00f3n de las herramientas de ofim\u00e1tica como un medio para cumplir con una necesidad y aplicar estos conocimiento  a su vida personal, educativa y laboral. <\/p>\n\n\n\n<p><strong>Ingl\u00e9s a la Mano <\/strong><\/p>\n\n\n\n<figure class=\"wp-block-image size-large is-resized\"><img loading=\"lazy\" decoding=\"async\" src=\"https:\/\/fundacionricardonubiola.org\/wp-content\/uploads\/2021\/01\/Ingles-a-la-Mano-1024x576.jpg\" alt=\"\" class=\"wp-image-217\" width=\"372\" height=\"208\" srcset=\"https:\/\/fundacionricardonubiola.org\/wp-content\/uploads\/2021\/01\/Ingles-a-la-Mano-1024x576.jpg 1024w, https:\/\/fundacionricardonubiola.org\/wp-content\/uploads\/2021\/01\/Ingles-a-la-Mano-300x169.jpg 300w, https:\/\/fundacionricardonubiola.org\/wp-content\/uploads\/2021\/01\/Ingles-a-la-Mano-768x432.jpg 768w, https:\/\/fundacionricardonubiola.org\/wp-content\/uploads\/2021\/01\/Ingles-a-la-Mano.jpg 1280w\" sizes=\"auto, (max-width: 372px) 100vw, 372px\" \/><figcaption>Clases Ingl\u00e9s, instalaciones FRN <\/figcaption><\/figure>\n\n\n\n<p><br>Entre las edades de 5 a 16 a\u00f1os y reforzando el aprendizaje en el idioma ingl\u00e9s<br>nuestros participantes aprenden de una forma l\u00fadica este idioma que es tan importante<br>en esta \u00e9poca.<\/p>\n\n\n\n<p><strong>Pensionados en Acci\u00f3n <\/strong><\/p>\n\n\n\n<figure class=\"wp-block-image size-large is-resized\"><img loading=\"lazy\" decoding=\"async\" src=\"https:\/\/fundacionricardonubiola.org\/wp-content\/uploads\/2021\/01\/Pensionados-Ferro-1024x576.jpg\" alt=\"\" class=\"wp-image-232\" width=\"411\" height=\"231\" srcset=\"https:\/\/fundacionricardonubiola.org\/wp-content\/uploads\/2021\/01\/Pensionados-Ferro-1024x576.jpg 1024w, https:\/\/fundacionricardonubiola.org\/wp-content\/uploads\/2021\/01\/Pensionados-Ferro-scaled-600x338.jpg 600w, https:\/\/fundacionricardonubiola.org\/wp-content\/uploads\/2021\/01\/Pensionados-Ferro-300x169.jpg 300w, https:\/\/fundacionricardonubiola.org\/wp-content\/uploads\/2021\/01\/Pensionados-Ferro-768x432.jpg 768w, https:\/\/fundacionricardonubiola.org\/wp-content\/uploads\/2021\/01\/Pensionados-Ferro-1536x864.jpg 1536w, https:\/\/fundacionricardonubiola.org\/wp-content\/uploads\/2021\/01\/Pensionados-Ferro-2048x1152.jpg 2048w\" sizes=\"auto, (max-width: 411px) 100vw, 411px\" \/><figcaption>Pensionados Ferro <\/figcaption><\/figure>\n\n\n\n<p>Es un espacio que presta la Fundaci\u00f3n Ricardo Nubiola-Casa del Abuelo, como<br>propuesta fundamental para las personas que ya disponen de su tiempo libre, mejorando<br>su calidad de vida y la de su entorno familiar. Ofrece a los participantes un espacio educativo, l\u00fadico y cultural que  genera en ellos preguntas y respuestas con referencia a la etapa por la cual est\u00e1n pasando \u201cla pensi\u00f3n\u201d.<\/p>\n\n\n\n<p>El programa <strong>\u201cPensionados en acci\u00f3n\u201d,<\/strong> est\u00e1 fundamentado en una metodolog\u00eda<br>participativa, l\u00fadica y reflexiva en la cual disfrutan de diferentes espacios, no s\u00f3lo<br>orientado para Ellos, si no que puede ser extensivo a su grupo familiar. Se desarrollan<br>actividades l\u00fadico-educativas en las cuales se evidenciar\u00e1n conocimientos previos y<br>conocimientos adquiridos a trav\u00e9s de la pr\u00e1ctica. <\/p>\n\n\n\n<p><strong>Trabajo Integrador<\/strong><\/p>\n\n\n\n<figure class=\"wp-block-image size-large is-resized\"><img loading=\"lazy\" decoding=\"async\" src=\"https:\/\/fundacionricardonubiola.org\/wp-content\/uploads\/2021\/01\/Trabajo-Integrador-1024x576.jpg\" alt=\"\" class=\"wp-image-234\" width=\"373\" height=\"209\" srcset=\"https:\/\/fundacionricardonubiola.org\/wp-content\/uploads\/2021\/01\/Trabajo-Integrador-1024x576.jpg 1024w, https:\/\/fundacionricardonubiola.org\/wp-content\/uploads\/2021\/01\/Trabajo-Integrador-600x337.jpg 600w, https:\/\/fundacionricardonubiola.org\/wp-content\/uploads\/2021\/01\/Trabajo-Integrador-300x169.jpg 300w, https:\/\/fundacionricardonubiola.org\/wp-content\/uploads\/2021\/01\/Trabajo-Integrador-768x432.jpg 768w, https:\/\/fundacionricardonubiola.org\/wp-content\/uploads\/2021\/01\/Trabajo-Integrador.jpg 1366w\" sizes=\"auto, (max-width: 373px) 100vw, 373px\" \/><figcaption>Trabajo Integrador, Jardines Infantiles Municipio de Girardota<\/figcaption><\/figure>\n\n\n\n<p><br>Es un espacio l\u00fadico &#8211; educativo que propicia el desarrollo de las relaciones<br>intergeneracionales entre el Adulto Mayor, ni\u00f1os, ni\u00f1as y j\u00f3venes.<br>Con este programa se busca crear espacios de sensibilizaci\u00f3n, aprendizaje, sano<br>esparcimiento, diversi\u00f3n, y desarrollo para los usuarios de la Casa del Abuelo y las<br>Instituciones que nos visiten.<\/p>\n\n\n\n<p>Tardes de Ludoteca<\/p>\n\n\n\n<figure class=\"wp-block-image size-large is-resized\"><img loading=\"lazy\" decoding=\"async\" src=\"https:\/\/fundacionricardonubiola.org\/wp-content\/uploads\/2021\/01\/Tardes-de-Ludoteca.png\" alt=\"\" class=\"wp-image-235\" width=\"346\" height=\"243\" srcset=\"https:\/\/fundacionricardonubiola.org\/wp-content\/uploads\/2021\/01\/Tardes-de-Ludoteca.png 496w, https:\/\/fundacionricardonubiola.org\/wp-content\/uploads\/2021\/01\/Tardes-de-Ludoteca-300x211.png 300w\" sizes=\"auto, (max-width: 346px) 100vw, 346px\" \/><figcaption>Tarjetas de Ludoteca, instalaciones FRN <\/figcaption><\/figure>\n\n\n\n<p><br>Propiciamos espacios de diversi\u00f3n y aprendizaje l\u00fadico para los ni\u00f1os, ni\u00f1as, j\u00f3venes y<br>familias completas del municipio de Girardota, donde, encontramos en este espacio<br>juegos de mesa, compartimos valores familiares, juegos tradicionales.<\/p>\n","protected":false},"excerpt":{"rendered":"<p>La Fundaci\u00f3n Ricardo Nubiola es un espacio abierto para la diversi\u00f3n, el aprendizaje, el convivir, la amistad, la cultura y el talento. \u00a1Ven y conoce nuestros programas para que disfrutes de todos los beneficios que tenemos! La Casa del Abuelo es la obra social m\u00e1s grande de la Fundaci\u00f3n Ricardo [&hellip;]<\/p>\n","protected":false},"author":1,"featured_media":0,"parent":0,"menu_order":0,"comment_status":"closed","ping_status":"closed","template":"","meta":{"_joinchat":[],"footnotes":""},"class_list":["post-7","page","type-page","status-publish","hentry"],"_links":{"self":[{"href":"https:\/\/fundacionricardonubiola.org\/index.php?rest_route=\/wp\/v2\/pages\/7","targetHints":{"allow":["GET"]}}],"collection":[{"href":"https:\/\/fundacionricardonubiola.org\/index.php?rest_route=\/wp\/v2\/pages"}],"about":[{"href":"https:\/\/fundacionricardonubiola.org\/index.php?rest_route=\/wp\/v2\/types\/page"}],"author":[{"embeddable":true,"href":"https:\/\/fundacionricardonubiola.org\/index.php?rest_route=\/wp\/v2\/users\/1"}],"replies":[{"embeddable":true,"href":"https:\/\/fundacionricardonubiola.org\/index.php?rest_route=%2Fwp%2Fv2%2Fcomments&post=7"}],"version-history":[{"count":10,"href":"https:\/\/fundacionricardonubiola.org\/index.php?rest_route=\/wp\/v2\/pages\/7\/revisions"}],"predecessor-version":[{"id":236,"href":"https:\/\/fundacionricardonubiola.org\/index.php?rest_route=\/wp\/v2\/pages\/7\/revisions\/236"}],"wp:attachment":[{"href":"https:\/\/fundacionricardonubiola.org\/index.php?rest_route=%2Fwp%2Fv2%2Fmedia&parent=7"}],"curies":[{"name":"wp","href":"https:\/\/api.w.org\/{rel}","templated":true}]}}