{"id":340,"date":"2021-02-01T19:43:08","date_gmt":"2021-02-01T19:43:08","guid":{"rendered":"http:\/\/fundacionricardonubiola.org\/?page_id=340"},"modified":"2021-02-01T20:05:50","modified_gmt":"2021-02-01T20:05:50","slug":"inicio","status":"publish","type":"page","link":"https:\/\/fundacionricardonubiola.org\/?page_id=340","title":{"rendered":"INICIO"},"content":{"rendered":"\n<p>Trabajamos por un Pa\u00eds en el que las personas que m\u00e1s lo necesitan son las protagonistas en la construcci\u00f3n de una cultura con gran tejido social. Ay\u00fadanos a construir el pa\u00eds que so\u00f1amos, juntos por el bienestar social.<\/p>\n\n\n\n<p>Dona ahora para ser parte del cambio <\/p>\n\n\n\n<div class=\"wp-block-image\"><figure class=\"alignleft size-large is-resized\"><img loading=\"lazy\" decoding=\"async\" src=\"https:\/\/fundacionricardonubiola.org\/wp-content\/uploads\/2021\/01\/Compra-1.png\" alt=\"\" class=\"wp-image-176\" width=\"210\" height=\"210\" srcset=\"https:\/\/fundacionricardonubiola.org\/wp-content\/uploads\/2021\/01\/Compra-1.png 512w, https:\/\/fundacionricardonubiola.org\/wp-content\/uploads\/2021\/01\/Compra-1-160x160.png 160w, https:\/\/fundacionricardonubiola.org\/wp-content\/uploads\/2021\/01\/Compra-1-300x300.png 300w, https:\/\/fundacionricardonubiola.org\/wp-content\/uploads\/2021\/01\/Compra-1-150x150.png 150w\" sizes=\"auto, (max-width: 210px) 100vw, 210px\" \/><figcaption>Ser socialmente responsable mediante<br>Donaciones en dinero y\/o especie.<br>Su donaci\u00f3n estar\u00e1 soportada con un certificado de donaci\u00f3n.<\/figcaption><\/figure><\/div>\n\n\n\n<div class=\"wp-block-image\"><figure class=\"alignleft size-large is-resized\"><img loading=\"lazy\" decoding=\"async\" src=\"https:\/\/fundacionricardonubiola.org\/wp-content\/uploads\/2021\/01\/donacion-1.png\" alt=\"\" class=\"wp-image-186\" width=\"266\" height=\"203\" srcset=\"https:\/\/fundacionricardonubiola.org\/wp-content\/uploads\/2021\/01\/donacion-1.png 920w, https:\/\/fundacionricardonubiola.org\/wp-content\/uploads\/2021\/01\/donacion-1-600x457.png 600w, https:\/\/fundacionricardonubiola.org\/wp-content\/uploads\/2021\/01\/donacion-1-300x228.png 300w, https:\/\/fundacionricardonubiola.org\/wp-content\/uploads\/2021\/01\/donacion-1-768x584.png 768w\" sizes=\"auto, (max-width: 266px) 100vw, 266px\" \/><figcaption>Donaciones en Cuenta Corriente<br>Usted puede ayudarnos depositando en la siguiente cuenta<br>BANCOLOMBIA: 39900000957<\/figcaption><\/figure><\/div>\n\n\n\n<figure class=\"wp-block-image size-large is-resized\"><img loading=\"lazy\" decoding=\"async\" src=\"https:\/\/fundacionricardonubiola.org\/wp-content\/uploads\/2021\/02\/Certificado-FOTO-1024x500-1.jpg\" alt=\"\" class=\"wp-image-348\" width=\"332\" height=\"162\" srcset=\"https:\/\/fundacionricardonubiola.org\/wp-content\/uploads\/2021\/02\/Certificado-FOTO-1024x500-1.jpg 1024w, https:\/\/fundacionricardonubiola.org\/wp-content\/uploads\/2021\/02\/Certificado-FOTO-1024x500-1-300x146.jpg 300w, https:\/\/fundacionricardonubiola.org\/wp-content\/uploads\/2021\/02\/Certificado-FOTO-1024x500-1-768x375.jpg 768w\" sizes=\"auto, (max-width: 332px) 100vw, 332px\" \/><figcaption>Recuerda que el beneficio tributario es para ti y para el beneficio de la comunidad de Girardota y alrededores <\/figcaption><\/figure>\n","protected":false},"excerpt":{"rendered":"<p>Trabajamos por un Pa\u00eds en el que las personas que m\u00e1s lo necesitan son las protagonistas en la construcci\u00f3n de una cultura con gran tejido social. Ay\u00fadanos a construir el pa\u00eds que so\u00f1amos, juntos por el bienestar social. Dona ahora para ser parte del cambio<\/p>\n","protected":false},"author":2,"featured_media":0,"parent":0,"menu_order":0,"comment_status":"closed","ping_status":"closed","template":"","meta":{"_joinchat":[],"footnotes":""},"class_list":["post-340","page","type-page","status-publish","hentry"],"_links":{"self":[{"href":"https:\/\/fundacionricardonubiola.org\/index.php?rest_route=\/wp\/v2\/pages\/340","targetHints":{"allow":["GET"]}}],"collection":[{"href":"https:\/\/fundacionricardonubiola.org\/index.php?rest_route=\/wp\/v2\/pages"}],"about":[{"href":"https:\/\/fundacionricardonubiola.org\/index.php?rest_route=\/wp\/v2\/types\/page"}],"author":[{"embeddable":true,"href":"https:\/\/fundacionricardonubiola.org\/index.php?rest_route=\/wp\/v2\/users\/2"}],"replies":[{"embeddable":true,"href":"https:\/\/fundacionricardonubiola.org\/index.php?rest_route=%2Fwp%2Fv2%2Fcomments&post=340"}],"version-history":[{"count":8,"href":"https:\/\/fundacionricardonubiola.org\/index.php?rest_route=\/wp\/v2\/pages\/340\/revisions"}],"predecessor-version":[{"id":354,"href":"https:\/\/fundacionricardonubiola.org\/index.php?rest_route=\/wp\/v2\/pages\/340\/revisions\/354"}],"wp:attachment":[{"href":"https:\/\/fundacionricardonubiola.org\/index.php?rest_route=%2Fwp%2Fv2%2Fmedia&parent=340"}],"curies":[{"name":"wp","href":"https:\/\/api.w.org\/{rel}","templated":true}]}}