{"id":278,"date":"2021-01-27T21:53:03","date_gmt":"2021-01-27T21:53:03","guid":{"rendered":"http:\/\/fundacionricardonubiola.org\/?page_id=278"},"modified":"2021-02-01T15:34:32","modified_gmt":"2021-02-01T15:34:32","slug":"centro-montserrat","status":"publish","type":"page","link":"https:\/\/fundacionricardonubiola.org\/?page_id=278","title":{"rendered":"CENTRO MONTSERRAT"},"content":{"rendered":"\n<figure class=\"wp-block-image size-large\"><img loading=\"lazy\" decoding=\"async\" width=\"1024\" height=\"576\" src=\"https:\/\/fundacionricardonubiola.org\/wp-content\/uploads\/2021\/02\/unnamed-1-1024x576.jpg\" alt=\"\" class=\"wp-image-322\" srcset=\"https:\/\/fundacionricardonubiola.org\/wp-content\/uploads\/2021\/02\/unnamed-1-1024x576.jpg 1024w, https:\/\/fundacionricardonubiola.org\/wp-content\/uploads\/2021\/02\/unnamed-1-300x169.jpg 300w, https:\/\/fundacionricardonubiola.org\/wp-content\/uploads\/2021\/02\/unnamed-1-768x432.jpg 768w, https:\/\/fundacionricardonubiola.org\/wp-content\/uploads\/2021\/02\/unnamed-1.jpg 1080w\" sizes=\"auto, (max-width: 1024px) 100vw, 1024px\" \/><figcaption>Sal\u00f3n Montserrat &#8211; Decoraci\u00f3n Banquetes San Felipe <\/figcaption><\/figure>\n\n\n\n<p>El Centro Montserrat cuenta con varios espacios para que disfrutes eventos sociales, educativos y\/o empresariales.\u00a0<\/p>\n\n\n\n<p><strong>Auditorio &#8220;Montserrat&#8221;<\/strong><\/p>\n\n\n\n<p>Es un lugar Ideal para sus reuniones sociales, y familiares como: matrimonios, grados, cumplea\u00f1os, bautizos, anviersarios, o puedes realizar reuniones empresariales.&nbsp;<\/p>\n\n\n\n<p>Con capacidad para 400 personas en funci\u00f3n de auditorio \u00f3 240 personas acomodadas en mesas redondas con sus respectivas sillas. Adem\u00e1s se le ofrece el servicio de manteles y vestidos de silla.<\/p>\n\n\n\n<figure class=\"wp-block-image size-large\"><img loading=\"lazy\" decoding=\"async\" width=\"768\" height=\"768\" src=\"https:\/\/fundacionricardonubiola.org\/wp-content\/uploads\/2021\/02\/14650584_10154160328789582_5078366503337681618_n-2.jpg\" alt=\"\" class=\"wp-image-325\" srcset=\"https:\/\/fundacionricardonubiola.org\/wp-content\/uploads\/2021\/02\/14650584_10154160328789582_5078366503337681618_n-2.jpg 768w, https:\/\/fundacionricardonubiola.org\/wp-content\/uploads\/2021\/02\/14650584_10154160328789582_5078366503337681618_n-2-300x300.jpg 300w, https:\/\/fundacionricardonubiola.org\/wp-content\/uploads\/2021\/02\/14650584_10154160328789582_5078366503337681618_n-2-150x150.jpg 150w\" sizes=\"auto, (max-width: 768px) 100vw, 768px\" \/><figcaption>Centro Montserrat &#8211; Decoraci\u00f3n Banquetes Masierra<\/figcaption><\/figure>\n\n\n\n<p>\u200b<\/p>\n\n\n\n<p><strong>Sal\u00f3n &#8220;Candelaria&#8221; y &#8220;Guadalupe&#8221;<\/strong><\/p>\n\n\n\n<figure class=\"wp-block-image size-large is-resized\"><img loading=\"lazy\" decoding=\"async\" src=\"https:\/\/fundacionricardonubiola.org\/wp-content\/uploads\/2021\/02\/Candelaria.png\" alt=\"\" class=\"wp-image-327\" width=\"581\" height=\"331\" srcset=\"https:\/\/fundacionricardonubiola.org\/wp-content\/uploads\/2021\/02\/Candelaria.png 580w, https:\/\/fundacionricardonubiola.org\/wp-content\/uploads\/2021\/02\/Candelaria-300x171.png 300w\" sizes=\"auto, (max-width: 581px) 100vw, 581px\" \/><figcaption>Sal\u00f3n Candelaria<\/figcaption><\/figure>\n\n\n\n<p>Con capacidad para 80 \u00f3 100 personas cada uno, en los que pueden desarrollarse actividades sociales, familiares, culturales y\/o empresariales, ofreciendo mesas redondas, con sus manteles y vestidos de silla.<\/p>\n\n\n\n<p><strong>Sal\u00f3n &#8220;Almudena&#8221;\u00a0<\/strong><\/p>\n\n\n\n<p>Es un espacio que permite reunir 100 personas acomodadas en mesas redondas de ocho puestos con sus manteles y vestidos de sillas.<\/p>\n\n\n\n<p><strong>Terraza &#8220;Ultramar&#8221;<\/strong><\/p>\n\n\n\n<figure class=\"wp-block-image size-large\"><img loading=\"lazy\" decoding=\"async\" width=\"587\" height=\"221\" src=\"https:\/\/fundacionricardonubiola.org\/wp-content\/uploads\/2021\/02\/Ultramar.png\" alt=\"\" class=\"wp-image-328\" srcset=\"https:\/\/fundacionricardonubiola.org\/wp-content\/uploads\/2021\/02\/Ultramar.png 587w, https:\/\/fundacionricardonubiola.org\/wp-content\/uploads\/2021\/02\/Ultramar-300x113.png 300w\" sizes=\"auto, (max-width: 587px) 100vw, 587px\" \/><figcaption>Terraza Ultramar<\/figcaption><\/figure>\n\n\n\n<p>Abierta a un bello panorama natural, es apta para acoger unas 40 personas, ofreciendo mesas redondas o cuadradas, con sus manteles y vestidos de sillas.&nbsp;<\/p>\n","protected":false},"excerpt":{"rendered":"<p>El Centro Montserrat cuenta con varios espacios para que disfrutes eventos sociales, educativos y\/o empresariales.\u00a0 Auditorio &#8220;Montserrat&#8221; Es un lugar Ideal para sus reuniones sociales, y familiares como: matrimonios, grados, cumplea\u00f1os, bautizos, anviersarios, o puedes realizar reuniones empresariales.&nbsp; Con capacidad para 400 personas en funci\u00f3n de auditorio \u00f3 240 personas [&hellip;]<\/p>\n","protected":false},"author":2,"featured_media":0,"parent":0,"menu_order":0,"comment_status":"closed","ping_status":"closed","template":"","meta":{"_joinchat":[],"footnotes":""},"class_list":["post-278","page","type-page","status-publish","hentry"],"_links":{"self":[{"href":"https:\/\/fundacionricardonubiola.org\/index.php?rest_route=\/wp\/v2\/pages\/278","targetHints":{"allow":["GET"]}}],"collection":[{"href":"https:\/\/fundacionricardonubiola.org\/index.php?rest_route=\/wp\/v2\/pages"}],"about":[{"href":"https:\/\/fundacionricardonubiola.org\/index.php?rest_route=\/wp\/v2\/types\/page"}],"author":[{"embeddable":true,"href":"https:\/\/fundacionricardonubiola.org\/index.php?rest_route=\/wp\/v2\/users\/2"}],"replies":[{"embeddable":true,"href":"https:\/\/fundacionricardonubiola.org\/index.php?rest_route=%2Fwp%2Fv2%2Fcomments&post=278"}],"version-history":[{"count":4,"href":"https:\/\/fundacionricardonubiola.org\/index.php?rest_route=\/wp\/v2\/pages\/278\/revisions"}],"predecessor-version":[{"id":330,"href":"https:\/\/fundacionricardonubiola.org\/index.php?rest_route=\/wp\/v2\/pages\/278\/revisions\/330"}],"wp:attachment":[{"href":"https:\/\/fundacionricardonubiola.org\/index.php?rest_route=%2Fwp%2Fv2%2Fmedia&parent=278"}],"curies":[{"name":"wp","href":"https:\/\/api.w.org\/{rel}","templated":true}]}}