{"id":2,"date":"2021-01-19T03:39:00","date_gmt":"2021-01-19T03:39:00","guid":{"rendered":"http:\/\/fundacionricardonubiola.org\/?page_id=2"},"modified":"2021-01-27T15:07:22","modified_gmt":"2021-01-27T15:07:22","slug":"pagina-ejemplo","status":"publish","type":"page","link":"https:\/\/fundacionricardonubiola.org\/","title":{"rendered":"Bienvenido"},"content":{"rendered":"\n<h4 class=\"has-text-align-left wp-block-heading\">La Fundaci\u00f3n Ricardo Nubiola es un Entidad sin \u00e1nimo de lucro, que tiene como objetivo apoyar el desarrollo de programas que beneficien la comunidad como: La Evangelizaci\u00f3n, Orientaci\u00f3n Familiar, Tercera Edad, Formaci\u00f3n y la Cultura.&nbsp;<\/h4>\n\n\n\n<h4 class=\"has-text-align-left wp-block-heading\">Reconocida por la Gobernaci\u00f3n de Antioquia, mediante resoluci\u00f3n N\u00ba 37318, del 25 de abril de 1990<\/h4>\n\n\n\n<div class=\"wp-block-group\"><div class=\"wp-block-group__inner-container is-layout-flow wp-block-group-is-layout-flow\">\n<p><strong>Ay\u00fadanos a construir el pa\u00eds que so\u00f1amos, juntos por el bienestar social<\/strong>.<\/p>\n\n\n\n<div class=\"wp-block-group\"><div class=\"wp-block-group__inner-container is-layout-flow wp-block-group-is-layout-flow\">\n<figure class=\"wp-block-pullquote\"><blockquote><p><strong><em>Dona ahora para ser parte del cambio<\/em><\/strong><\/p><\/blockquote><\/figure>\n<\/div><\/div>\n\n\n\n<div class=\"wp-block-group\"><div class=\"wp-block-group__inner-container is-layout-flow wp-block-group-is-layout-flow\">\n<div class=\"wp-block-group\"><div class=\"wp-block-group__inner-container is-layout-flow wp-block-group-is-layout-flow\">\n<div class=\"wp-block-image\"><figure class=\"alignleft size-large is-resized\"><img loading=\"lazy\" decoding=\"async\" src=\"https:\/\/fundacionricardonubiola.org\/wp-content\/uploads\/2021\/01\/Compra-1.png\" alt=\"\" class=\"wp-image-176\" width=\"133\" height=\"133\" srcset=\"https:\/\/fundacionricardonubiola.org\/wp-content\/uploads\/2021\/01\/Compra-1.png 512w, https:\/\/fundacionricardonubiola.org\/wp-content\/uploads\/2021\/01\/Compra-1-160x160.png 160w, https:\/\/fundacionricardonubiola.org\/wp-content\/uploads\/2021\/01\/Compra-1-300x300.png 300w, https:\/\/fundacionricardonubiola.org\/wp-content\/uploads\/2021\/01\/Compra-1-150x150.png 150w\" sizes=\"auto, (max-width: 133px) 100vw, 133px\" \/><figcaption><strong>Ser Socialmente responsable mediante<\/strong> , donaciones en dinero y en especie, su donaci\u00f3n estar\u00e1 soportada con un certificado de donaci\u00f3n, recuerda que el beneficio tributario es para t\u00ed y para el beneficio de la comunidad de Girardota y alrededores<\/figcaption><\/figure><\/div>\n\n\n\n<div class=\"wp-block-image is-style-default\"><figure class=\"aligncenter size-large is-resized\"><img loading=\"lazy\" decoding=\"async\" src=\"https:\/\/fundacionricardonubiola.org\/wp-content\/uploads\/2021\/01\/donacion.png\" alt=\"\" class=\"wp-image-178\" width=\"175\" height=\"133\" srcset=\"https:\/\/fundacionricardonubiola.org\/wp-content\/uploads\/2021\/01\/donacion.png 920w, https:\/\/fundacionricardonubiola.org\/wp-content\/uploads\/2021\/01\/donacion-600x457.png 600w, https:\/\/fundacionricardonubiola.org\/wp-content\/uploads\/2021\/01\/donacion-300x228.png 300w, https:\/\/fundacionricardonubiola.org\/wp-content\/uploads\/2021\/01\/donacion-768x584.png 768w\" sizes=\"auto, (max-width: 175px) 100vw, 175px\" \/><figcaption><strong>Donaci\u00f3n en Cuenta Corriente <\/strong>               Si est\u00e1s interesado en apoyar nuestra causa, puedes hacer un aporte econ\u00f3mico en&nbsp;la cuenta corriente de Bancolombia <br>No: 399-000009-57 a nombre de la Fundaci\u00f3n Ricardo Nubiola, es imprescindible que nos env\u00edes una copia del recibo de la consignaci\u00f3n  al correo comunicaciones@fundacionricardonubiola.org<em>, con tu nombre completo, n\u00famero de c\u00e9dula, tel\u00e9fono, direcci\u00f3n y ciudad.<\/em> <\/figcaption><\/figure><\/div>\n<\/div><\/div>\n<\/div><\/div>\n\n\n\n<p><\/p>\n<\/div><\/div>\n\n\n\n<figure class=\"wp-block-gallery columns-0 is-cropped wp-block-gallery-1 is-layout-flex wp-block-gallery-is-layout-flex\"><ul class=\"blocks-gallery-grid\"><\/ul><\/figure>\n\n\n\n<p><\/p>\n","protected":false},"excerpt":{"rendered":"<p>La Fundaci\u00f3n Ricardo Nubiola es un Entidad sin \u00e1nimo de lucro, que tiene como objetivo apoyar el desarrollo de programas que beneficien la comunidad como: La Evangelizaci\u00f3n, Orientaci\u00f3n Familiar, Tercera Edad, Formaci\u00f3n y la Cultura.&nbsp; Reconocida por la Gobernaci\u00f3n de Antioquia, mediante resoluci\u00f3n N\u00ba 37318, del 25 de abril de [&hellip;]<\/p>\n","protected":false},"author":1,"featured_media":282,"parent":0,"menu_order":0,"comment_status":"closed","ping_status":"open","template":"","meta":{"_joinchat":{"telephone":"+573015342049"},"footnotes":""},"class_list":["post-2","page","type-page","status-publish","has-post-thumbnail","hentry"],"_links":{"self":[{"href":"https:\/\/fundacionricardonubiola.org\/index.php?rest_route=\/wp\/v2\/pages\/2","targetHints":{"allow":["GET"]}}],"collection":[{"href":"https:\/\/fundacionricardonubiola.org\/index.php?rest_route=\/wp\/v2\/pages"}],"about":[{"href":"https:\/\/fundacionricardonubiola.org\/index.php?rest_route=\/wp\/v2\/types\/page"}],"author":[{"embeddable":true,"href":"https:\/\/fundacionricardonubiola.org\/index.php?rest_route=\/wp\/v2\/users\/1"}],"replies":[{"embeddable":true,"href":"https:\/\/fundacionricardonubiola.org\/index.php?rest_route=%2Fwp%2Fv2%2Fcomments&post=2"}],"version-history":[{"count":19,"href":"https:\/\/fundacionricardonubiola.org\/index.php?rest_route=\/wp\/v2\/pages\/2\/revisions"}],"predecessor-version":[{"id":221,"href":"https:\/\/fundacionricardonubiola.org\/index.php?rest_route=\/wp\/v2\/pages\/2\/revisions\/221"}],"wp:featuredmedia":[{"embeddable":true,"href":"https:\/\/fundacionricardonubiola.org\/index.php?rest_route=\/wp\/v2\/media\/282"}],"wp:attachment":[{"href":"https:\/\/fundacionricardonubiola.org\/index.php?rest_route=%2Fwp%2Fv2%2Fmedia&parent=2"}],"curies":[{"name":"wp","href":"https:\/\/api.w.org\/{rel}","templated":true}]}}